{"id":621,"date":"2018-12-20T14:09:53","date_gmt":"2018-12-20T13:09:53","guid":{"rendered":"https:\/\/wptest.driveandtraining.com\/dtsite\/?page_id=621"},"modified":"2019-03-14T16:45:42","modified_gmt":"2019-03-14T15:45:42","slug":"training-neue-antriebskonzepte","status":"publish","type":"page","link":"https:\/\/www.driveandtraining.com\/dtsite\/training-neue-antriebskonzepte\/","title":{"rendered":"Training neue Antriebskonzepte"},"content":{"rendered":"<div class=\"wpb-content-wrapper\">[vc_row thb_full_width=&#8220;true&#8220; thb_divider_position=&#8220;bottom&#8220; css=&#8220;.vc_custom_1545995843327{padding-top: 20vh !important;padding-bottom: 15vh !important;background-image: url(https:\/\/www.driveandtraining.com\/dtsite\/wp-content\/uploads\/2018\/12\/driveandtraining\u2013e-Mobility2017.jpg?id=786) !important;background-position: center !important;background-repeat: no-repeat !important;background-size: cover !important;}&#8220; el_class=&#8220;align-center&#8220;][vc_column offset=&#8220;vc_col-lg-8 vc_col-md-9&#8243; el_class=&#8220;text-center&#8220;][vc_column_text animation=&#8220;animation fade-in&#8220; css=&#8220;.vc_custom_1545305217228{padding-right: 15% !important;padding-left: 15% !important;}&#8220;][\/vc_column_text][\/vc_column][\/vc_row][vc_row thb_full_width=&#8220;true&#8220; thb_color=&#8220;light-title&#8220; content_placement=&#8220;middle&#8220; thb_divider_position=&#8220;bottom&#8220; css=&#8220;.vc_custom_1545435975906{background-color: #4a7fc0 !important;}&#8220; el_class=&#8220;align-center&#8220;][vc_column thb_color=&#8220;thb-light-column&#8220; offset=&#8220;vc_col-lg-8 vc_col-md-10&#8243; css=&#8220;.vc_custom_1545387102308{padding-top: 12vh !important;padding-bottom: 12vh !important;}&#8220;][vc_empty_space height=&#8220;30px&#8220;][vc_column_text]\n<h2>Training neue Antriebskonzepte<\/h2>\n[\/vc_column_text][vc_empty_space height=&#8220;30px&#8220;][vc_column_text]Hybridantrieb, Erdgas, Fl\u00fcssiggas, Bioethanol, Elektroantrieb, Start-Stopp-Automatik und verbrauchsoptimierte Motoren:<br \/>\nUmweltschutz und Kostenreduzierung sind f\u00fcr viele kaufentscheidende Kriterien.<\/p>\n<p>Wir vermitteln Ihnen und Ihren Mitarbeitern die entscheidenden Informationen und Hintergr\u00fcnde f\u00fcr eine kompetente Beratung. Bauen Sie mit uns zusammen Kompetenzen auf, unsere langj\u00e4hrige Erfahrung auf diesem Gebiet bietet Ihnen den entscheidenden Vorteil.[\/vc_column_text][vc_btn title=&#8220;Termine einsehen und buchen&#8220; style=&#8220;flat&#8220; color=&#8220;white&#8220; i_icon_fontawesome=&#8220;fa fa-address-card-o&#8220; css_animation=&#8220;fadeIn&#8220; add_icon=&#8220;true&#8220; custom_onclick=&#8220;true&#8220; link=&#8220;url:https%3A%2F%2Fwww.volkswagen-driving-experience.de||target:%20_blank|&#8220;][\/vc_column][\/vc_row][vc_row thb_full_width=&#8220;true&#8220; full_height=&#8220;yes&#8220; content_placement=&#8220;middle&#8220; disable_element=&#8220;yes&#8220; thb_divider_position=&#8220;bottom&#8220; css=&#8220;.vc_custom_1552578336130{padding-top: 15vh !important;padding-bottom: 15vh !important;}&#8220; el_class=&#8220;align-center&#8220;][vc_column offset=&#8220;vc_col-lg-8 vc_col-md-10&#8243;][vc_column_text]\n<h2>Kontaktieren Sie uns per Mail oder telefonisch unter 02263 8029800. Wir helfen Ihnen gerne!<\/h2>\n[\/vc_column_text]\n<div class=\"wpcf7 no-js\" id=\"wpcf7-f6-o1\" lang=\"de-DE\" dir=\"ltr\" data-wpcf7-id=\"6\">\n<div class=\"screen-reader-response\"><p role=\"status\" aria-live=\"polite\" aria-atomic=\"true\"><\/p> <ul><\/ul><\/div>\n<form action=\"\/dtsite\/wp-json\/wp\/v2\/pages\/621#wpcf7-f6-o1\" method=\"post\" class=\"wpcf7-form init\" aria-label=\"Kontaktformular\" novalidate=\"novalidate\" data-status=\"init\">\n<fieldset class=\"hidden-fields-container\"><input type=\"hidden\" name=\"_wpcf7\" value=\"6\" \/><input type=\"hidden\" name=\"_wpcf7_version\" value=\"6.1.5\" \/><input type=\"hidden\" name=\"_wpcf7_locale\" value=\"de_DE\" \/><input type=\"hidden\" name=\"_wpcf7_unit_tag\" value=\"wpcf7-f6-o1\" \/><input type=\"hidden\" name=\"_wpcf7_container_post\" value=\"0\" \/><input type=\"hidden\" name=\"_wpcf7_posted_data_hash\" value=\"\" \/>\n<\/fieldset>\n<p><label> Name<br \/>\n<span class=\"wpcf7-form-control-wrap\" data-name=\"your-name\"><input size=\"40\" maxlength=\"400\" class=\"wpcf7-form-control wpcf7-text\" aria-invalid=\"false\" value=\"\" type=\"text\" name=\"your-name\" \/><\/span> <\/label>\n<\/p>\n<p><label> E-Mail-Adresse (Pflichtfeld)<br \/>\n<span class=\"wpcf7-form-control-wrap\" data-name=\"your-email\"><input size=\"40\" maxlength=\"400\" class=\"wpcf7-form-control wpcf7-email wpcf7-validates-as-required wpcf7-text wpcf7-validates-as-email\" aria-required=\"true\" aria-invalid=\"false\" value=\"\" type=\"email\" name=\"your-email\" \/><\/span> <\/label>\n<\/p>\n<p><label> Betreff<br \/>\n<span class=\"wpcf7-form-control-wrap\" data-name=\"your-subject\"><input size=\"40\" maxlength=\"400\" class=\"wpcf7-form-control wpcf7-text\" aria-invalid=\"false\" value=\"\" type=\"text\" name=\"your-subject\" \/><\/span> <\/label>\n<\/p>\n<p><label> Nachricht<br \/>\n<span class=\"wpcf7-form-control-wrap\" data-name=\"your-message\"><textarea cols=\"40\" rows=\"10\" maxlength=\"2000\" class=\"wpcf7-form-control wpcf7-textarea\" aria-invalid=\"false\" name=\"your-message\"><\/textarea><\/span> <\/label>\n<\/p>\n<p><input class=\"wpcf7-form-control wpcf7-submit has-spinner\" type=\"submit\" value=\"Senden\" \/><a href=\"https:\/\/www.driveandtraining.com\/dtsite\/datenschutzerklaerung\">Datenschutz<\/a>\n<\/p><div class=\"wpcf7-response-output\" aria-hidden=\"true\"><\/div>\n<\/form>\n<\/div>\n[\/vc_column][\/vc_row]\n<\/div>","protected":false},"excerpt":{"rendered":"<p>[vc_row thb_full_width=&#8220;true&#8220; thb_divider_position=&#8220;bottom&#8220; css=&#8220;.vc_custom_1545995843327{padding-top: 20vh !important;padding-bottom: 15vh !important;background-image: url(https:\/\/www.driveandtraining.com\/dtsite\/wp-content\/uploads\/2018\/12\/driveandtraining\u2013e-Mobility2017.jpg?id=786) !important;background-position: center !important;background-repeat: no-repeat !important;background-size: cover !important;}&#8220; el_class=&#8220;align-center&#8220;][vc_column offset=&#8220;vc_col-lg-8 vc_col-md-9&#8243; el_class=&#8220;text-center&#8220;][vc_column_text animation=&#8220;animation fade-in&#8220; css=&#8220;.vc_custom_1545305217228{padding-right: 15% !important;padding-left: 15% !important;}&#8220;][\/vc_column_text][\/vc_column][\/vc_row][vc_row thb_full_width=&#8220;true&#8220; thb_color=&#8220;light-title&#8220; content_placement=&#8220;middle&#8220; thb_divider_position=&#8220;bottom&#8220; css=&#8220;.vc_custom_1545435975906{background-color: #4a7fc0 !important;}&#8220; el_class=&#8220;align-center&#8220;][vc_column thb_color=&#8220;thb-light-column&#8220; offset=&#8220;vc_col-lg-8 vc_col-md-10&#8243; css=&#8220;.vc_custom_1545387102308{padding-top: 12vh !important;padding-bottom: 12vh !important;}&#8220;][vc_empty_space height=&#8220;30px&#8220;][vc_column_text] Training neue Antriebskonzepte [\/vc_column_text][vc_empty_space height=&#8220;30px&#8220;][vc_column_text]Hybridantrieb, Erdgas, Fl\u00fcssiggas, Bioethanol, Elektroantrieb, Start-Stopp-Automatik und&hellip;<\/p>\n","protected":false},"author":2,"featured_media":0,"parent":0,"menu_order":0,"comment_status":"closed","ping_status":"closed","template":"","meta":{"footnotes":""},"class_list":["post-621","page","type-page","status-publish","hentry"],"yoast_head":"<!-- This site is optimized with the Yoast SEO plugin v27.3 - https:\/\/yoast.com\/product\/yoast-seo-wordpress\/ -->\n<title>Training neue Antriebskonzepte - Drive And Training<\/title>\n<meta name=\"robots\" content=\"index, follow, max-snippet:-1, max-image-preview:large, max-video-preview:-1\" \/>\n<link rel=\"canonical\" href=\"https:\/\/www.driveandtraining.com\/dtsite\/training-neue-antriebskonzepte\/\" \/>\n<meta property=\"og:locale\" content=\"de_DE\" \/>\n<meta property=\"og:type\" content=\"article\" \/>\n<meta property=\"og:title\" content=\"Training neue Antriebskonzepte - Drive And Training\" \/>\n<meta property=\"og:description\" content=\"[vc_row thb_full_width=&#8220;true&#8220; thb_divider_position=&#8220;bottom&#8220; css=&#8220;.vc_custom_1545995843327{padding-top: 20vh !important;padding-bottom: 15vh !important;background-image: url(https:\/\/www.driveandtraining.com\/dtsite\/wp-content\/uploads\/2018\/12\/driveandtraining\u2013e-Mobility2017.jpg?id=786) !important;background-position: center !important;background-repeat: no-repeat !important;background-size: cover !important;}&#8220; el_class=&#8220;align-center&#8220;][vc_column offset=&#8220;vc_col-lg-8 vc_col-md-9&#8243; el_class=&#8220;text-center&#8220;][vc_column_text animation=&#8220;animation fade-in&#8220; css=&#8220;.vc_custom_1545305217228{padding-right: 15% !important;padding-left: 15% !important;}&#8220;][\/vc_column_text][\/vc_column][\/vc_row][vc_row thb_full_width=&#8220;true&#8220; thb_color=&#8220;light-title&#8220; content_placement=&#8220;middle&#8220; thb_divider_position=&#8220;bottom&#8220; css=&#8220;.vc_custom_1545435975906{background-color: #4a7fc0 !important;}&#8220; el_class=&#8220;align-center&#8220;][vc_column thb_color=&#8220;thb-light-column&#8220; offset=&#8220;vc_col-lg-8 vc_col-md-10&#8243; css=&#8220;.vc_custom_1545387102308{padding-top: 12vh !important;padding-bottom: 12vh !important;}&#8220;][vc_empty_space height=&#8220;30px&#8220;][vc_column_text] Training neue Antriebskonzepte [\/vc_column_text][vc_empty_space height=&#8220;30px&#8220;][vc_column_text]Hybridantrieb, Erdgas, Fl\u00fcssiggas, Bioethanol, Elektroantrieb, Start-Stopp-Automatik und&hellip;\" \/>\n<meta property=\"og:url\" content=\"https:\/\/www.driveandtraining.com\/dtsite\/training-neue-antriebskonzepte\/\" \/>\n<meta property=\"og:site_name\" content=\"Drive And Training\" \/>\n<meta property=\"article:modified_time\" content=\"2019-03-14T15:45:42+00:00\" \/>\n<meta name=\"twitter:card\" content=\"summary_large_image\" \/>\n<meta name=\"twitter:label1\" content=\"Gesch\u00e4tzte Lesezeit\" \/>\n\t<meta name=\"twitter:data1\" content=\"2\u00a0Minuten\" \/>\n<script type=\"application\/ld+json\" class=\"yoast-schema-graph\">{\"@context\":\"https:\\\/\\\/schema.org\",\"@graph\":[{\"@type\":\"WebPage\",\"@id\":\"https:\\\/\\\/www.driveandtraining.com\\\/dtsite\\\/training-neue-antriebskonzepte\\\/\",\"url\":\"https:\\\/\\\/www.driveandtraining.com\\\/dtsite\\\/training-neue-antriebskonzepte\\\/\",\"name\":\"Training neue Antriebskonzepte - Drive And Training\",\"isPartOf\":{\"@id\":\"https:\\\/\\\/www.driveandtraining.com\\\/dtsite\\\/#website\"},\"datePublished\":\"2018-12-20T13:09:53+00:00\",\"dateModified\":\"2019-03-14T15:45:42+00:00\",\"breadcrumb\":{\"@id\":\"https:\\\/\\\/www.driveandtraining.com\\\/dtsite\\\/training-neue-antriebskonzepte\\\/#breadcrumb\"},\"inLanguage\":\"de\",\"potentialAction\":[{\"@type\":\"ReadAction\",\"target\":[\"https:\\\/\\\/www.driveandtraining.com\\\/dtsite\\\/training-neue-antriebskonzepte\\\/\"]}]},{\"@type\":\"BreadcrumbList\",\"@id\":\"https:\\\/\\\/www.driveandtraining.com\\\/dtsite\\\/training-neue-antriebskonzepte\\\/#breadcrumb\",\"itemListElement\":[{\"@type\":\"ListItem\",\"position\":1,\"name\":\"Start\",\"item\":\"https:\\\/\\\/www.driveandtraining.com\\\/dtsite\\\/\"},{\"@type\":\"ListItem\",\"position\":2,\"name\":\"Training neue Antriebskonzepte\"}]},{\"@type\":\"WebSite\",\"@id\":\"https:\\\/\\\/www.driveandtraining.com\\\/dtsite\\\/#website\",\"url\":\"https:\\\/\\\/www.driveandtraining.com\\\/dtsite\\\/\",\"name\":\"Drive And Training\",\"description\":\"\",\"potentialAction\":[{\"@type\":\"SearchAction\",\"target\":{\"@type\":\"EntryPoint\",\"urlTemplate\":\"https:\\\/\\\/www.driveandtraining.com\\\/dtsite\\\/?s={search_term_string}\"},\"query-input\":{\"@type\":\"PropertyValueSpecification\",\"valueRequired\":true,\"valueName\":\"search_term_string\"}}],\"inLanguage\":\"de\"}]}<\/script>\n<!-- \/ Yoast SEO plugin. -->","yoast_head_json":{"title":"Training neue Antriebskonzepte - Drive And Training","robots":{"index":"index","follow":"follow","max-snippet":"max-snippet:-1","max-image-preview":"max-image-preview:large","max-video-preview":"max-video-preview:-1"},"canonical":"https:\/\/www.driveandtraining.com\/dtsite\/training-neue-antriebskonzepte\/","og_locale":"de_DE","og_type":"article","og_title":"Training neue Antriebskonzepte - Drive And Training","og_description":"[vc_row thb_full_width=&#8220;true&#8220; thb_divider_position=&#8220;bottom&#8220; css=&#8220;.vc_custom_1545995843327{padding-top: 20vh !important;padding-bottom: 15vh !important;background-image: url(https:\/\/www.driveandtraining.com\/dtsite\/wp-content\/uploads\/2018\/12\/driveandtraining\u2013e-Mobility2017.jpg?id=786) !important;background-position: center !important;background-repeat: no-repeat !important;background-size: cover !important;}&#8220; el_class=&#8220;align-center&#8220;][vc_column offset=&#8220;vc_col-lg-8 vc_col-md-9&#8243; el_class=&#8220;text-center&#8220;][vc_column_text animation=&#8220;animation fade-in&#8220; css=&#8220;.vc_custom_1545305217228{padding-right: 15% !important;padding-left: 15% !important;}&#8220;][\/vc_column_text][\/vc_column][\/vc_row][vc_row thb_full_width=&#8220;true&#8220; thb_color=&#8220;light-title&#8220; content_placement=&#8220;middle&#8220; thb_divider_position=&#8220;bottom&#8220; css=&#8220;.vc_custom_1545435975906{background-color: #4a7fc0 !important;}&#8220; el_class=&#8220;align-center&#8220;][vc_column thb_color=&#8220;thb-light-column&#8220; offset=&#8220;vc_col-lg-8 vc_col-md-10&#8243; css=&#8220;.vc_custom_1545387102308{padding-top: 12vh !important;padding-bottom: 12vh !important;}&#8220;][vc_empty_space height=&#8220;30px&#8220;][vc_column_text] Training neue Antriebskonzepte [\/vc_column_text][vc_empty_space height=&#8220;30px&#8220;][vc_column_text]Hybridantrieb, Erdgas, Fl\u00fcssiggas, Bioethanol, Elektroantrieb, Start-Stopp-Automatik und&hellip;","og_url":"https:\/\/www.driveandtraining.com\/dtsite\/training-neue-antriebskonzepte\/","og_site_name":"Drive And Training","article_modified_time":"2019-03-14T15:45:42+00:00","twitter_card":"summary_large_image","twitter_misc":{"Gesch\u00e4tzte Lesezeit":"2\u00a0Minuten"},"schema":{"@context":"https:\/\/schema.org","@graph":[{"@type":"WebPage","@id":"https:\/\/www.driveandtraining.com\/dtsite\/training-neue-antriebskonzepte\/","url":"https:\/\/www.driveandtraining.com\/dtsite\/training-neue-antriebskonzepte\/","name":"Training neue Antriebskonzepte - Drive And Training","isPartOf":{"@id":"https:\/\/www.driveandtraining.com\/dtsite\/#website"},"datePublished":"2018-12-20T13:09:53+00:00","dateModified":"2019-03-14T15:45:42+00:00","breadcrumb":{"@id":"https:\/\/www.driveandtraining.com\/dtsite\/training-neue-antriebskonzepte\/#breadcrumb"},"inLanguage":"de","potentialAction":[{"@type":"ReadAction","target":["https:\/\/www.driveandtraining.com\/dtsite\/training-neue-antriebskonzepte\/"]}]},{"@type":"BreadcrumbList","@id":"https:\/\/www.driveandtraining.com\/dtsite\/training-neue-antriebskonzepte\/#breadcrumb","itemListElement":[{"@type":"ListItem","position":1,"name":"Start","item":"https:\/\/www.driveandtraining.com\/dtsite\/"},{"@type":"ListItem","position":2,"name":"Training neue Antriebskonzepte"}]},{"@type":"WebSite","@id":"https:\/\/www.driveandtraining.com\/dtsite\/#website","url":"https:\/\/www.driveandtraining.com\/dtsite\/","name":"Drive And Training","description":"","potentialAction":[{"@type":"SearchAction","target":{"@type":"EntryPoint","urlTemplate":"https:\/\/www.driveandtraining.com\/dtsite\/?s={search_term_string}"},"query-input":{"@type":"PropertyValueSpecification","valueRequired":true,"valueName":"search_term_string"}}],"inLanguage":"de"}]}},"_links":{"self":[{"href":"https:\/\/www.driveandtraining.com\/dtsite\/wp-json\/wp\/v2\/pages\/621","targetHints":{"allow":["GET"]}}],"collection":[{"href":"https:\/\/www.driveandtraining.com\/dtsite\/wp-json\/wp\/v2\/pages"}],"about":[{"href":"https:\/\/www.driveandtraining.com\/dtsite\/wp-json\/wp\/v2\/types\/page"}],"author":[{"embeddable":true,"href":"https:\/\/www.driveandtraining.com\/dtsite\/wp-json\/wp\/v2\/users\/2"}],"replies":[{"embeddable":true,"href":"https:\/\/www.driveandtraining.com\/dtsite\/wp-json\/wp\/v2\/comments?post=621"}],"version-history":[{"count":10,"href":"https:\/\/www.driveandtraining.com\/dtsite\/wp-json\/wp\/v2\/pages\/621\/revisions"}],"predecessor-version":[{"id":835,"href":"https:\/\/www.driveandtraining.com\/dtsite\/wp-json\/wp\/v2\/pages\/621\/revisions\/835"}],"wp:attachment":[{"href":"https:\/\/www.driveandtraining.com\/dtsite\/wp-json\/wp\/v2\/media?parent=621"}],"curies":[{"name":"wp","href":"https:\/\/api.w.org\/{rel}","templated":true}]}}