{"id":422,"date":"2018-12-16T16:56:31","date_gmt":"2018-12-16T15:56:31","guid":{"rendered":"http:\/\/wptest.driveandtraining.com\/?page_id=422"},"modified":"2022-07-07T12:38:04","modified_gmt":"2022-07-07T10:38:04","slug":"start-4","status":"publish","type":"page","link":"https:\/\/www.driveandtraining.com\/dtsite\/","title":{"rendered":"Start"},"content":{"rendered":"<div class=\"wpb-content-wrapper\">[vc_row thb_full_width=&#8220;true&#8220; full_height=&#8220;yes&#8220; columns_placement=&#8220;top&#8220; content_placement=&#8220;middle&#8220; thb_scroll_bottom=&#8220;true&#8220; thb_scroll_bottom_style=&#8220;style2&#8243; thb_scroll_bottom_color=&#8220;light&#8220; thb_divider_position=&#8220;bottom&#8220; css=&#8220;.vc_custom_1657190282526{background-image: url(https:\/\/www.driveandtraining.com\/dtsite\/wp-content\/uploads\/2022\/07\/Start.jpg?id=902) !important;background-position: center !important;background-repeat: no-repeat !important;background-size: cover !important;}&#8220; el_class=&#8220;align-center header-row&#8220;][vc_column animation=&#8220;animation fade-in&#8220; offset=&#8220;vc_col-lg-9 vc_col-md-11&#8243; el_class=&#8220;text-top&#8220; css=&#8220;.vc_custom_1545297660792{padding-bottom: 30vh !important;}&#8220;][vc_empty_space height=&#8220;100px&#8220;][vc_column_text animation=&#8220;animation fade-in&#8220;]\n<h2><span style=\"color: #4a7fc0;\"><strong>Drive and Training ist Ihr Erfolgspartner.<\/strong><br \/>\n<\/span><\/h2>\n<h2><span style=\"color: #4a7fc0;\">Mit zielgruppenspezifischen Pr\u00e4sentations- und Trainingsveranstaltungen begleiten und unterst\u00fctzen wir optimal Ihre Marktstrategie.<\/span><\/h2>\n<h2><span style=\"color: #4a7fc0;\">Erfolg mit \u00dcberzeugung.<\/span><\/h2>\n[\/vc_column_text][vc_empty_space height=&#8220;100px&#8220;][\/vc_column][\/vc_row][vc_row thb_full_width=&#8220;true&#8220; thb_color=&#8220;light-title&#8220; content_placement=&#8220;middle&#8220; thb_divider_position=&#8220;bottom&#8220; css=&#8220;.vc_custom_1545435975906{background-color: #4a7fc0 !important;}&#8220; el_class=&#8220;align-center&#8220;][vc_column thb_color=&#8220;thb-light-column&#8220; offset=&#8220;vc_col-lg-8 vc_col-md-10&#8243; css=&#8220;.vc_custom_1545387102308{padding-top: 12vh !important;padding-bottom: 12vh !important;}&#8220;][vc_empty_space height=&#8220;30px&#8220;][vc_column_text]\n<h2>Drive and Training \u2013\u00a0Erfolg mit \u00dcberzeugung<\/h2>\n[\/vc_column_text][vc_empty_space height=&#8220;30px&#8220;][vc_column_text]Die Automobilbranche entwickelt sich schnell und stetig. Eine gr\u00f6\u00dfere Modellvielfalt, k\u00fcrzere Produktlebenszyklen: die Anforderungen an das Wissen des Personals steigen zunehmend. Ein Kaufinteressent jedoch l\u00e4sst sich nicht nur von Daten und Fakten beeindrucken. Ehrliche Begeisterung des Verk\u00e4ufers, Authentizit\u00e4t und \u00dcberzeugungsf\u00e4higkeit sind die Tr\u00e4ger einer erfolgreichen Vertriebsorganisation.<\/p>\n<p>Mit unseren zielgruppenspezifischen Pr\u00e4sentations- und Trainingsveranstaltungen begleiten und unterst\u00fctzen wir optimal Ihre Marktstrategie. Ein begeisterter Mitarbeiter ist \u00fcberzeugend. Deshalb bieten wir attraktive und erlebbare Trainingskonzepte, mit denen wir Ihre Verkaufsmannschaft optimal auf die Marktanforderungen vorbereiten. Unsere branchenerfahrenen Profis k\u00f6nnen mehr, als nur einfach nur Wissen zu vermitteln. Mit durch lange Erfahrung ausgereiften Evaluationsmethoden gew\u00e4hrleisten wir eine transparente Erfolgskontrolle.<\/p>\n<p>Auf diesen Seiten k\u00f6nnen Sie sich einen \u00dcberblick \u00fcber unser Produktportfolio verschaffen.[\/vc_column_text][\/vc_column][\/vc_row][vc_row thb_full_width=&#8220;true&#8220; full_height=&#8220;yes&#8220; content_placement=&#8220;middle&#8220; disable_element=&#8220;yes&#8220; thb_divider_position=&#8220;bottom&#8220; css=&#8220;.vc_custom_1552577991574{padding-top: 15vh !important;padding-bottom: 15vh !important;}&#8220; el_class=&#8220;align-center&#8220;][vc_column offset=&#8220;vc_col-lg-8 vc_col-md-10&#8243;][vc_column_text]\n<h2>Kontaktieren Sie uns per Mail oder unter 02263 8029800 f\u00fcr Fragen zur Ihrer\u00a0Marktstrategie. Wir helfen Ihnen gerne!<\/h2>\n[\/vc_column_text]\n<div class=\"wpcf7 no-js\" id=\"wpcf7-f6-o1\" lang=\"de-DE\" dir=\"ltr\" data-wpcf7-id=\"6\">\n<div class=\"screen-reader-response\"><p role=\"status\" aria-live=\"polite\" aria-atomic=\"true\"><\/p> <ul><\/ul><\/div>\n<form action=\"\/dtsite\/wp-json\/wp\/v2\/pages\/422#wpcf7-f6-o1\" method=\"post\" class=\"wpcf7-form init\" aria-label=\"Kontaktformular\" novalidate=\"novalidate\" data-status=\"init\">\n<fieldset class=\"hidden-fields-container\"><input type=\"hidden\" name=\"_wpcf7\" value=\"6\" \/><input type=\"hidden\" name=\"_wpcf7_version\" value=\"6.1.5\" \/><input type=\"hidden\" name=\"_wpcf7_locale\" value=\"de_DE\" \/><input type=\"hidden\" name=\"_wpcf7_unit_tag\" value=\"wpcf7-f6-o1\" \/><input type=\"hidden\" name=\"_wpcf7_container_post\" value=\"0\" \/><input type=\"hidden\" name=\"_wpcf7_posted_data_hash\" value=\"\" \/>\n<\/fieldset>\n<p><label> Name<br \/>\n<span class=\"wpcf7-form-control-wrap\" data-name=\"your-name\"><input size=\"40\" maxlength=\"400\" class=\"wpcf7-form-control wpcf7-text\" aria-invalid=\"false\" value=\"\" type=\"text\" name=\"your-name\" \/><\/span> <\/label>\n<\/p>\n<p><label> E-Mail-Adresse (Pflichtfeld)<br \/>\n<span class=\"wpcf7-form-control-wrap\" data-name=\"your-email\"><input size=\"40\" maxlength=\"400\" class=\"wpcf7-form-control wpcf7-email wpcf7-validates-as-required wpcf7-text wpcf7-validates-as-email\" aria-required=\"true\" aria-invalid=\"false\" value=\"\" type=\"email\" name=\"your-email\" \/><\/span> <\/label>\n<\/p>\n<p><label> Betreff<br \/>\n<span class=\"wpcf7-form-control-wrap\" data-name=\"your-subject\"><input size=\"40\" maxlength=\"400\" class=\"wpcf7-form-control wpcf7-text\" aria-invalid=\"false\" value=\"\" type=\"text\" name=\"your-subject\" \/><\/span> <\/label>\n<\/p>\n<p><label> Nachricht<br \/>\n<span class=\"wpcf7-form-control-wrap\" data-name=\"your-message\"><textarea cols=\"40\" rows=\"10\" maxlength=\"2000\" class=\"wpcf7-form-control wpcf7-textarea\" aria-invalid=\"false\" name=\"your-message\"><\/textarea><\/span> <\/label>\n<\/p>\n<p><input class=\"wpcf7-form-control wpcf7-submit has-spinner\" type=\"submit\" value=\"Senden\" \/><a href=\"https:\/\/www.driveandtraining.com\/dtsite\/datenschutzerklaerung\">Datenschutz<\/a>\n<\/p><div class=\"wpcf7-response-output\" aria-hidden=\"true\"><\/div>\n<\/form>\n<\/div>\n[\/vc_column][\/vc_row]\n<\/div>","protected":false},"excerpt":{"rendered":"<p>[vc_row thb_full_width=&#8220;true&#8220; full_height=&#8220;yes&#8220; columns_placement=&#8220;top&#8220; content_placement=&#8220;middle&#8220; thb_scroll_bottom=&#8220;true&#8220; thb_scroll_bottom_style=&#8220;style2&#8243; thb_scroll_bottom_color=&#8220;light&#8220; thb_divider_position=&#8220;bottom&#8220; css=&#8220;.vc_custom_1657190282526{background-image: url(https:\/\/www.driveandtraining.com\/dtsite\/wp-content\/uploads\/2022\/07\/Start.jpg?id=902) !important;background-position: center !important;background-repeat: no-repeat !important;background-size: cover !important;}&#8220; el_class=&#8220;align-center header-row&#8220;][vc_column animation=&#8220;animation fade-in&#8220; offset=&#8220;vc_col-lg-9 vc_col-md-11&#8243; el_class=&#8220;text-top&#8220; css=&#8220;.vc_custom_1545297660792{padding-bottom: 30vh !important;}&#8220;][vc_empty_space height=&#8220;100px&#8220;][vc_column_text animation=&#8220;animation fade-in&#8220;] Drive and Training ist Ihr Erfolgspartner. Mit zielgruppenspezifischen Pr\u00e4sentations- und Trainingsveranstaltungen begleiten und unterst\u00fctzen wir optimal Ihre Marktstrategie. Erfolg mit \u00dcberzeugung. [\/vc_column_text][vc_empty_space height=&#8220;100px&#8220;][\/vc_column][\/vc_row][vc_row thb_full_width=&#8220;true&#8220;&hellip;<\/p>\n","protected":false},"author":2,"featured_media":0,"parent":0,"menu_order":0,"comment_status":"closed","ping_status":"closed","template":"","meta":{"footnotes":""},"class_list":["post-422","page","type-page","status-publish","hentry"],"yoast_head":"<!-- This site is optimized with the Yoast SEO plugin v27.3 - https:\/\/yoast.com\/product\/yoast-seo-wordpress\/ -->\n<title>Start - Drive And Training<\/title>\n<meta name=\"robots\" content=\"index, follow, max-snippet:-1, max-image-preview:large, max-video-preview:-1\" \/>\n<link rel=\"canonical\" href=\"https:\/\/www.driveandtraining.com\/dtsite\/\" \/>\n<meta property=\"og:locale\" content=\"de_DE\" \/>\n<meta property=\"og:type\" content=\"article\" \/>\n<meta property=\"og:title\" content=\"Start - Drive And Training\" \/>\n<meta property=\"og:description\" content=\"[vc_row thb_full_width=&#8220;true&#8220; full_height=&#8220;yes&#8220; columns_placement=&#8220;top&#8220; content_placement=&#8220;middle&#8220; thb_scroll_bottom=&#8220;true&#8220; thb_scroll_bottom_style=&#8220;style2&#8243; thb_scroll_bottom_color=&#8220;light&#8220; thb_divider_position=&#8220;bottom&#8220; css=&#8220;.vc_custom_1657190282526{background-image: url(https:\/\/www.driveandtraining.com\/dtsite\/wp-content\/uploads\/2022\/07\/Start.jpg?id=902) !important;background-position: center !important;background-repeat: no-repeat !important;background-size: cover !important;}&#8220; el_class=&#8220;align-center header-row&#8220;][vc_column animation=&#8220;animation fade-in&#8220; offset=&#8220;vc_col-lg-9 vc_col-md-11&#8243; el_class=&#8220;text-top&#8220; css=&#8220;.vc_custom_1545297660792{padding-bottom: 30vh !important;}&#8220;][vc_empty_space height=&#8220;100px&#8220;][vc_column_text animation=&#8220;animation fade-in&#8220;] Drive and Training ist Ihr Erfolgspartner. Mit zielgruppenspezifischen Pr\u00e4sentations- und Trainingsveranstaltungen begleiten und unterst\u00fctzen wir optimal Ihre Marktstrategie. Erfolg mit \u00dcberzeugung. [\/vc_column_text][vc_empty_space height=&#8220;100px&#8220;][\/vc_column][\/vc_row][vc_row thb_full_width=&#8220;true&#8220;&hellip;\" \/>\n<meta property=\"og:url\" content=\"https:\/\/www.driveandtraining.com\/dtsite\/\" \/>\n<meta property=\"og:site_name\" content=\"Drive And Training\" \/>\n<meta property=\"article:modified_time\" content=\"2022-07-07T10:38:04+00:00\" \/>\n<meta name=\"twitter:card\" content=\"summary_large_image\" \/>\n<meta name=\"twitter:label1\" content=\"Gesch\u00e4tzte Lesezeit\" \/>\n\t<meta name=\"twitter:data1\" content=\"2\u00a0Minuten\" \/>\n<script type=\"application\/ld+json\" class=\"yoast-schema-graph\">{\"@context\":\"https:\\\/\\\/schema.org\",\"@graph\":[{\"@type\":\"WebPage\",\"@id\":\"https:\\\/\\\/www.driveandtraining.com\\\/dtsite\\\/\",\"url\":\"https:\\\/\\\/www.driveandtraining.com\\\/dtsite\\\/\",\"name\":\"Start - Drive And Training\",\"isPartOf\":{\"@id\":\"https:\\\/\\\/www.driveandtraining.com\\\/dtsite\\\/#website\"},\"datePublished\":\"2018-12-16T15:56:31+00:00\",\"dateModified\":\"2022-07-07T10:38:04+00:00\",\"breadcrumb\":{\"@id\":\"https:\\\/\\\/www.driveandtraining.com\\\/dtsite\\\/#breadcrumb\"},\"inLanguage\":\"de\",\"potentialAction\":[{\"@type\":\"ReadAction\",\"target\":[\"https:\\\/\\\/www.driveandtraining.com\\\/dtsite\\\/\"]}]},{\"@type\":\"BreadcrumbList\",\"@id\":\"https:\\\/\\\/www.driveandtraining.com\\\/dtsite\\\/#breadcrumb\",\"itemListElement\":[{\"@type\":\"ListItem\",\"position\":1,\"name\":\"Start\",\"item\":\"https:\\\/\\\/www.driveandtraining.com\\\/dtsite\\\/\"},{\"@type\":\"ListItem\",\"position\":2,\"name\":\"Start\"}]},{\"@type\":\"WebSite\",\"@id\":\"https:\\\/\\\/www.driveandtraining.com\\\/dtsite\\\/#website\",\"url\":\"https:\\\/\\\/www.driveandtraining.com\\\/dtsite\\\/\",\"name\":\"Drive And Training\",\"description\":\"\",\"potentialAction\":[{\"@type\":\"SearchAction\",\"target\":{\"@type\":\"EntryPoint\",\"urlTemplate\":\"https:\\\/\\\/www.driveandtraining.com\\\/dtsite\\\/?s={search_term_string}\"},\"query-input\":{\"@type\":\"PropertyValueSpecification\",\"valueRequired\":true,\"valueName\":\"search_term_string\"}}],\"inLanguage\":\"de\"}]}<\/script>\n<!-- \/ Yoast SEO plugin. -->","yoast_head_json":{"title":"Start - Drive And Training","robots":{"index":"index","follow":"follow","max-snippet":"max-snippet:-1","max-image-preview":"max-image-preview:large","max-video-preview":"max-video-preview:-1"},"canonical":"https:\/\/www.driveandtraining.com\/dtsite\/","og_locale":"de_DE","og_type":"article","og_title":"Start - Drive And Training","og_description":"[vc_row thb_full_width=&#8220;true&#8220; full_height=&#8220;yes&#8220; columns_placement=&#8220;top&#8220; content_placement=&#8220;middle&#8220; thb_scroll_bottom=&#8220;true&#8220; thb_scroll_bottom_style=&#8220;style2&#8243; thb_scroll_bottom_color=&#8220;light&#8220; thb_divider_position=&#8220;bottom&#8220; css=&#8220;.vc_custom_1657190282526{background-image: url(https:\/\/www.driveandtraining.com\/dtsite\/wp-content\/uploads\/2022\/07\/Start.jpg?id=902) !important;background-position: center !important;background-repeat: no-repeat !important;background-size: cover !important;}&#8220; el_class=&#8220;align-center header-row&#8220;][vc_column animation=&#8220;animation fade-in&#8220; offset=&#8220;vc_col-lg-9 vc_col-md-11&#8243; el_class=&#8220;text-top&#8220; css=&#8220;.vc_custom_1545297660792{padding-bottom: 30vh !important;}&#8220;][vc_empty_space height=&#8220;100px&#8220;][vc_column_text animation=&#8220;animation fade-in&#8220;] Drive and Training ist Ihr Erfolgspartner. Mit zielgruppenspezifischen Pr\u00e4sentations- und Trainingsveranstaltungen begleiten und unterst\u00fctzen wir optimal Ihre Marktstrategie. Erfolg mit \u00dcberzeugung. [\/vc_column_text][vc_empty_space height=&#8220;100px&#8220;][\/vc_column][\/vc_row][vc_row thb_full_width=&#8220;true&#8220;&hellip;","og_url":"https:\/\/www.driveandtraining.com\/dtsite\/","og_site_name":"Drive And Training","article_modified_time":"2022-07-07T10:38:04+00:00","twitter_card":"summary_large_image","twitter_misc":{"Gesch\u00e4tzte Lesezeit":"2\u00a0Minuten"},"schema":{"@context":"https:\/\/schema.org","@graph":[{"@type":"WebPage","@id":"https:\/\/www.driveandtraining.com\/dtsite\/","url":"https:\/\/www.driveandtraining.com\/dtsite\/","name":"Start - Drive And Training","isPartOf":{"@id":"https:\/\/www.driveandtraining.com\/dtsite\/#website"},"datePublished":"2018-12-16T15:56:31+00:00","dateModified":"2022-07-07T10:38:04+00:00","breadcrumb":{"@id":"https:\/\/www.driveandtraining.com\/dtsite\/#breadcrumb"},"inLanguage":"de","potentialAction":[{"@type":"ReadAction","target":["https:\/\/www.driveandtraining.com\/dtsite\/"]}]},{"@type":"BreadcrumbList","@id":"https:\/\/www.driveandtraining.com\/dtsite\/#breadcrumb","itemListElement":[{"@type":"ListItem","position":1,"name":"Start","item":"https:\/\/www.driveandtraining.com\/dtsite\/"},{"@type":"ListItem","position":2,"name":"Start"}]},{"@type":"WebSite","@id":"https:\/\/www.driveandtraining.com\/dtsite\/#website","url":"https:\/\/www.driveandtraining.com\/dtsite\/","name":"Drive And Training","description":"","potentialAction":[{"@type":"SearchAction","target":{"@type":"EntryPoint","urlTemplate":"https:\/\/www.driveandtraining.com\/dtsite\/?s={search_term_string}"},"query-input":{"@type":"PropertyValueSpecification","valueRequired":true,"valueName":"search_term_string"}}],"inLanguage":"de"}]}},"_links":{"self":[{"href":"https:\/\/www.driveandtraining.com\/dtsite\/wp-json\/wp\/v2\/pages\/422","targetHints":{"allow":["GET"]}}],"collection":[{"href":"https:\/\/www.driveandtraining.com\/dtsite\/wp-json\/wp\/v2\/pages"}],"about":[{"href":"https:\/\/www.driveandtraining.com\/dtsite\/wp-json\/wp\/v2\/types\/page"}],"author":[{"embeddable":true,"href":"https:\/\/www.driveandtraining.com\/dtsite\/wp-json\/wp\/v2\/users\/2"}],"replies":[{"embeddable":true,"href":"https:\/\/www.driveandtraining.com\/dtsite\/wp-json\/wp\/v2\/comments?post=422"}],"version-history":[{"count":72,"href":"https:\/\/www.driveandtraining.com\/dtsite\/wp-json\/wp\/v2\/pages\/422\/revisions"}],"predecessor-version":[{"id":903,"href":"https:\/\/www.driveandtraining.com\/dtsite\/wp-json\/wp\/v2\/pages\/422\/revisions\/903"}],"wp:attachment":[{"href":"https:\/\/www.driveandtraining.com\/dtsite\/wp-json\/wp\/v2\/media?parent=422"}],"curies":[{"name":"wp","href":"https:\/\/api.w.org\/{rel}","templated":true}]}}